{"id":17,"date":"2024-08-24T17:22:41","date_gmt":"2024-08-24T17:22:41","guid":{"rendered":"https:\/\/themenectar.com\/salient\/portfolio-flare\/?page_id=17"},"modified":"2025-12-04T19:15:10","modified_gmt":"2025-12-04T19:15:10","slug":"portfolio-flare-landing","status":"publish","type":"page","link":"https:\/\/studio-monneron.com\/fr\/","title":{"rendered":"Portfolio Layered Landing"},"content":{"rendered":"<div id=\"fws_69e375015b794\"  data-column-margin=\"default\" data-midnight=\"light\"  class=\"wpb_row vc_row-fluid vc_row full-width-section vc_row-o-full-height vc_row-o-columns-bottom vc_row-o-equal-height vc_row-flex parallax_section mobile-disable-bg-image-animation\"  style=\"padding-top: 0px; padding-bottom: 0px; \"><div class=\"row-bg-wrap\" data-bg-animation=\"zoom-out\" data-bg-animation-delay=\"\" data-bg-overlay=\"false\"><div class=\"inner-wrap row-bg-layer using-image\" ><div class=\"row-bg viewport-desktop using-image using-bg-color\" data-parallax-speed=\"medium_fast\" style=\"background-image: url(https:\/\/studio-monneron.com\/wp-content\/uploads\/2025\/11\/PORTRAIT-LANDINGv3-scaled.jpg); background-position: center center; background-repeat: no-repeat; background-color: #26262600; \"><\/div><\/div><div class=\"row-bg-overlay row-bg-layer\" style=\"background:linear-gradient(0deg, rgb(0,0,0) 0%, rgba(0,0,0,252) 0%, rgba(0,0,0,0) 43%);\"><\/div><\/div><div class=\"row_col_wrap_12 col span_12 light left\">\n\t<div style=\"\" class=\"vc_col-sm-12 wpb_column column_container vc_column_container col bottom_padding_desktop_100px\" data-using-bg=\"true\" data-padding-pos=\"all\" data-has-bg-color=\"true\" data-bg-color=\"#00000000\" data-bg-opacity=\"1\" data-hover-bg=\"#00000000\" data-hover-bg-opacity=\"1\" data-animation=\"\" data-delay=\"0\" >\n\t\t<div class=\"vc_column-inner\" ><div class=\"column-bg-overlay-wrap column-bg-layer\" data-bg-animation=\"none\"><div class=\"column-bg-overlay\" style=\"opacity: 1; background-color: #00000000;\"><\/div><\/div>\n\t\t\t<div class=\"wpb_wrapper\">\n\t\t\t\t<div id=\"fws_69e375015c883\" data-midnight=\"\" data-column-margin=\"10px\" class=\"wpb_row vc_row-fluid vc_row inner_row vc_row-o-equal-height vc_row-flex vc_row-o-content-bottom scale_desktop_0-99\"  style=\"\"><div class=\"row-bg-wrap\"> <div class=\"row-bg\" ><\/div> <\/div><div class=\"row_col_wrap_12_inner col span_12  left\">\n\t<div  class=\"vc_col-sm-6 wpb_column column_container vc_column_container col child_column right_padding_desktop_15pct right_padding_tablet_50pct right_padding_phone_15pct\"   data-padding-pos=\"all\" data-has-bg-color=\"false\" data-bg-color=\"\" data-bg-opacity=\"1\" data-animation=\"\" data-delay=\"0\" >\n\t\t<div class=\"vc_column-inner\" >\n\t\t<div class=\"wpb_wrapper\">\n\t\t\t<div class=\"nectar-split-heading  font_size_6vw font_size_min_24px font_size_max_51px font_size_tablet_5vw font_size_phone_7vw font_line_height_1-1\" data-align=\"left\" data-m-align=\"inherit\" data-text-effect=\"letter-reveal-bottom\" data-animation-type=\"line-reveal-by-space\" data-animation-delay=\"0\" data-animation-offset=\"\" data-m-rm-animation=\"\" data-stagger=\"true\" data-custom-font-size=\"true\" style=\"font-size: 6vw; line-height: 6.6vw;\"><h1 >J\u00e9r\u00f4me Monneron Mon\u00e9ger<\/h1><\/div>\n\t\t<\/div> \n\t<\/div>\n\t<\/div> \n\n\t<div  class=\"vc_col-sm-4 vc_col-xs-9 wpb_column column_container vc_column_container col child_column has-animation left_padding_desktop_30pct left_padding_tablet_0px right_padding_tablet_30pct right_padding_phone_0px\"   data-padding-pos=\"all\" data-has-bg-color=\"false\" data-bg-color=\"\" data-bg-opacity=\"1\" data-animation=\"fade-in\" data-delay=\"300\" >\n\t\t<div class=\"vc_column-inner\" >\n\t\t<div class=\"wpb_wrapper\">\n\t\t\t<div class=\"nectar-responsive-text font_size_min_16px font_size_max_22px font_size_desktop_1-3vw font_line_height_1-6 nectar-link-underline-effect\" style=\"max-width: 375px;\"><p>Cr\u00e9atif fran\u00e7ais pluridisciplinaire install\u00e9 \u00e0 Vancouver (C.-B.).<\/p>\n<\/div>\n\t\t<\/div> \n\t<\/div>\n\t<\/div> \n\n\t<div  class=\"vc_col-sm-2 vc_col-xs-3 wpb_column column_container vc_column_container col child_column has-animation no-extra-padding force-desktop-text-align-right inherit_tablet inherit_phone\"   data-padding-pos=\"all\" data-has-bg-color=\"false\" data-bg-color=\"\" data-bg-opacity=\"1\" data-animation=\"fade-in\" data-delay=\"500\" >\n\t\t<div class=\"vc_column-inner\" >\n\t\t<div class=\"wpb_wrapper\">\n\t\t\t<div class=\"nectar-next-section-wrap minimal-arrow alignment_tablet_right alignment_phone_default display_tablet_inherit display_phone_inherit\"  data-align=\"right\" data-custom-color=\"false\">\n    <a href=\"#\" class=\"nectar-next-section skip-hash\">\n      <span class=\"screen-reader-text\">Navigate to the next section<\/span>\n      <svg class=\"next-arrow\" width=\"40px\" height=\"68px\" viewbox=\"0 0 40 50\" xml:space=\"preserve\">\n      <path stroke=\"#ffffff\" stroke-width=\"2\" fill=\"none\" d=\"M 20 0 L 20 51\"><\/path>\n      <polyline stroke=\"#ffffff\" stroke-width=\"2\" fill=\"none\" points=\"12, 44 20, 52 28, 44\"><\/polyline>\n      <\/svg>\n    <\/a>\n  <\/div>\n\t\t<\/div> \n\t<\/div>\n\t<\/div> \n<\/div><\/div>\n\t\t\t<\/div> \n\t\t<\/div>\n\t<\/div> \n<\/div><\/div>\n\t\t<div id=\"work\"  data-column-margin=\"default\" data-midnight=\"light\"  class=\"wpb_row vc_row-fluid vc_row full-width-content vc_row-o-equal-height vc_row-flex vc_row-o-content-top  right_padding_40px left_padding_40px top_padding_tablet_40px right_padding_tablet_6pct left_padding_tablet_6pct\"  style=\"padding-top: 80px; padding-bottom: 0px; \"><div class=\"row-bg-wrap\" data-bg-animation=\"none\" data-bg-animation-delay=\"\" data-bg-overlay=\"false\"><div class=\"inner-wrap row-bg-layer\" ><div class=\"row-bg viewport-desktop using-bg-color\"  style=\"background-color: #000000; \"><\/div><\/div><\/div><div class=\"row_col_wrap_12 col span_12 light left\">\n\t<div style=\"\" class=\"vc_col-sm-12 wpb_column column_container vc_column_container col no-extra-padding inherit_tablet inherit_phone\" data-using-bg=\"true\" data-padding-pos=\"all\" data-has-bg-color=\"true\" data-bg-color=\"#111111\" data-bg-opacity=\"1\" data-hover-bg=\"#111111\" data-hover-bg-opacity=\"1\" data-animation=\"\" data-delay=\"0\" >\n\t\t<div class=\"vc_column-inner\" ><div class=\"column-bg-overlay-wrap column-bg-layer\" data-bg-animation=\"none\"><div class=\"column-bg-overlay\" style=\"opacity: 1; background-color: #111111;\"><\/div><\/div>\n\t\t\t<div class=\"wpb_wrapper\">\n\t\t\t\t<div class='nectar-post-grid-wrap text-color-light additional-meta-size-small spacing-40px' data-el-settings='{\"post_type\":\"portfolio\",\"pagination\":\"none\",\"image_size\":\"full\",\"parallax_scrolling\":\"\",\"aspect_ratio_image_size\":\"\",\"category_position\":\"default\",\"category_display\":\"parent_only\",\"display_categories\":\"yes\",\"display_excerpt\":\"yes\",\"excerpt_length\":\"20\",\"display_date\":\"0\",\"display_estimated_reading_time\":\"0\",\"display_author\":\"0\",\"author_functionality\":\"default\",\"author_position\":\"default\",\"color_overlay\":\"#14141400\",\"color_overlay_opacity\":\"0\",\"color_overlay_hover_opacity\":\"0\",\"card_bg_color\":\"\",\"grid_style\":\"content_overlaid\",\"hover_effect\":\"none\",\"post_title_overlay\":\"\",\"heading_tag\":\"h2\",\"heading_tag_render\":\"default\",\"enable_gallery_lightbox\":\"0\",\"category_style\":\"see-through-button\",\"overlay_secondary_project_image\":\"\",\"vertical_list_hover_effect\":\"none\",\"vertical_list_read_more\":\"\",\"read_more_button\":\"0\",\"animation\":\"none\",\"custom_fields\":\"%5B%5D\",\"custom_fields_location\":\"before_post_meta\",\"display_type\":\"stack\",\"text_content_layout\":\"all_top_left\"}' data-style='content_overlaid' data-query='{\"post_type\":\"portfolio\",\"posts_per_page\":\"5\",\"order\":\"DESC\",\"orderby\":\"date\",\"offset\":\"0\",\"cpt_name\":\"post\",\"custom_query_tax\":\"\",\"ignore_sticky_posts\":\"\",\"exclude_current_post\":\"\"}' data-load-more-color='black' data-load-more-text='Load More'><div class=\"nectar-post-grid-filters\" data-active-color=\"default\" data-align=\"default\" data-animation=\"none\" data-sortable=\"\"><div><a href=\"#\" class=\"active all-filter\" data-filter=\"-1\" data-total-count=\"5\">All<\/a><a href=\"#\" data-filter=\"2d-3d-motion-design\" data-total-count=\"1\">MOTION DESIGN 2D &amp; 3D<\/a><a href=\"#\" data-filter=\"corporate-promotional-films\" data-total-count=\"1\">FILMS CORPORATE &amp; PROMOTIONNELS<\/a><a href=\"#\" data-filter=\"mapping-events\" data-total-count=\"1\">MAPPINGS \/\/ \u00c9V\u00c9NEMENTS<\/a><a href=\"#\" data-filter=\"product-object-design\" data-total-count=\"1\">PRODUITS &amp; OBJETS \/\/ CONCEPTION<\/a><a href=\"#\" data-filter=\"vr-ar-experiences\" data-total-count=\"1\">EXP\u00c9RIENCES VR &amp; AR<\/a><\/div><\/div><div class=\"nectar-post-grid layout-stacked custom_font_size_12vw font_size_max_220px font_size_tablet_12vw text-opacity-1 text-opacity-hover-1 category-position-before-title\" data-lazy-skip=\"1\" data-indicator=\"yes\" data-indicator-style=\"tooltip_text\" data-indicator-blur=\"true\" data-indicator-text-color=\"#ffffff\" data-indicator-color=\"rgba(0,0,0,0.23)\" data-indicator-text=\"View\" data-stack-animation-effect=\"blurred_scale\" data-post-item-bg-color=\"#14141400\" data-columns=\"1\" data-hover-effect=\"none\" data-text-style=\"default\" data-border-radius=\"25px\" data-grid-item-height=\"80vh\" data-grid-spacing=\"40px\" data-text-layout=\"all_top_left\" data-text-color=\"light\" data-text-hover-color=\"light\" data-shadow-hover=\"\" data-animation=\"none\" data-animation-stagger=\"90\" data-cat-click=\"static\" style=\"--post-grid-border-radius:25px;\" ><div class=\"nectar-post-grid-item\" data-post-id=\"48\" data-has-img=\"true\"> <div class=\"inner\"><div class=\"nectar-post-grid-item-bg-wrap\"><div class=\"nectar-post-grid-item-bg-wrap-inner\"><div class=\"nectar-post-grid-item-bg\"><img loading=\"lazy\" decoding=\"async\" width=\"2560\" height=\"1440\" src=\"https:\/\/studio-monneron.com\/wp-content\/uploads\/2024\/06\/thumbnail-films-scaled.jpg\" class=\"attachment-full size-full\" alt=\"\" srcset=\"https:\/\/studio-monneron.com\/wp-content\/uploads\/2024\/06\/thumbnail-films-scaled.jpg 2560w, https:\/\/studio-monneron.com\/wp-content\/uploads\/2024\/06\/thumbnail-films-300x169.jpg 300w, https:\/\/studio-monneron.com\/wp-content\/uploads\/2024\/06\/thumbnail-films-1024x576.jpg 1024w, https:\/\/studio-monneron.com\/wp-content\/uploads\/2024\/06\/thumbnail-films-768x432.jpg 768w, https:\/\/studio-monneron.com\/wp-content\/uploads\/2024\/06\/thumbnail-films-1536x864.jpg 1536w, https:\/\/studio-monneron.com\/wp-content\/uploads\/2024\/06\/thumbnail-films-2048x1152.jpg 2048w\" sizes=\"auto, (max-width: 2560px) 100vw, 2560px\" \/><video class=\"nectar-post-grid-item-bg__video\" preload=\"auto\" loop autoplay muted playsinline>\n                      <source src=\"https:\/\/studio-monneron.com\/wp-content\/uploads\/2025\/06\/films-tuiles.mp4\" type=\"video\/mp4\">\n                    <\/video><\/div><\/div><\/div><div class=\"bg-overlay\" style=\" background-color: #14141400;\" data-opacity=\"0\" data-hover-opacity=\"0\"><\/div><div class=\"content\"><a class=\"nectar-post-grid-link\" href=\"https:\/\/studio-monneron.com\/fr\/portfolio\/film\/\" ><span class=\"screen-reader-text\">CORPORATE &#038; PROMOTIONAL FILMS<\/span><\/a><div class=\"item-main\"><h2 class=\"post-heading\"><span>CORPORATE &#038; PROMOTIONAL FILMS<\/span><\/h2><span class=\"nectar-post-grid-item__meta-wrap\"><span class=\"meta-category\"><a class=\"corporate-promotional-films style-see-through-button\" href=\"https:\/\/studio-monneron.com\/fr\/project-type\/corporate-promotional-films\/\">FILMS CORPORATE &amp; PROMOTIONNELS<\/a><\/span><\/span><\/div><\/div><\/div><\/div><div class=\"nectar-post-grid-item\" data-post-id=\"75\" data-has-img=\"true\"> <div class=\"inner\"><div class=\"nectar-post-grid-item-bg-wrap\"><div class=\"nectar-post-grid-item-bg-wrap-inner\"><div class=\"nectar-post-grid-item-bg\"><img loading=\"lazy\" decoding=\"async\" class=\"nectar-lazy skip-lazy\" src=\"data:image\/svg+xml;charset=utf-8,%3Csvg%20xmlns%3D'http%3A%2F%2Fwww.w3.org%2F2000%2Fsvg'%20viewBox%3D'0%200%201280%20720'%2F%3E\" alt=\"\" height=\"720\" width=\"1280\" data-nectar-img-src=\"https:\/\/studio-monneron.com\/wp-content\/uploads\/2024\/05\/thumbnail-3D.jpg\" data-nectar-img-srcset=\"https:\/\/studio-monneron.com\/wp-content\/uploads\/2024\/05\/thumbnail-3D.jpg 1280w, https:\/\/studio-monneron.com\/wp-content\/uploads\/2024\/05\/thumbnail-3D-300x169.jpg 300w, https:\/\/studio-monneron.com\/wp-content\/uploads\/2024\/05\/thumbnail-3D-1024x576.jpg 1024w, https:\/\/studio-monneron.com\/wp-content\/uploads\/2024\/05\/thumbnail-3D-768x432.jpg 768w\" sizes=\"auto, (max-width: 1280px) 100vw, 1280px\" \/><video class=\"nectar-lazy-video nectar-post-grid-item-bg__video\" preload=\"auto\" loop autoplay muted playsinline>\n        <source data-nectar-video-src=\"https:\/\/studio-monneron.com\/wp-content\/uploads\/2025\/05\/motion-tuiles.mp4\" type=\"video\/mp4\">\n      <\/video><\/div><\/div><\/div><div class=\"bg-overlay\" style=\" background-color: #14141400;\" data-opacity=\"0\" data-hover-opacity=\"0\"><\/div><div class=\"content\"><a class=\"nectar-post-grid-link\" href=\"https:\/\/studio-monneron.com\/fr\/portfolio\/motion\/\" ><span class=\"screen-reader-text\">2D &#038; 3D MOTION DESIGN<\/span><\/a><div class=\"item-main\"><h2 class=\"post-heading\"><span>2D &#038; 3D MOTION DESIGN<\/span><\/h2><span class=\"nectar-post-grid-item__meta-wrap\"><span class=\"meta-category\"><a class=\"2d-3d-motion-design style-see-through-button\" href=\"https:\/\/studio-monneron.com\/fr\/project-type\/2d-3d-motion-design\/\">MOTION DESIGN 2D &amp; 3D<\/a><\/span><\/span><\/div><\/div><\/div><\/div><div class=\"nectar-post-grid-item\" data-post-id=\"375\" data-has-img=\"true\"> <div class=\"inner\"><div class=\"nectar-post-grid-item-bg-wrap\"><div class=\"nectar-post-grid-item-bg-wrap-inner\"><div class=\"nectar-post-grid-item-bg\"><img loading=\"lazy\" decoding=\"async\" class=\"nectar-lazy skip-lazy\" src=\"data:image\/svg+xml;charset=utf-8,%3Csvg%20xmlns%3D'http%3A%2F%2Fwww.w3.org%2F2000%2Fsvg'%20viewBox%3D'0%200%201280%20720'%2F%3E\" alt=\"\" height=\"720\" width=\"1280\" data-nectar-img-src=\"https:\/\/studio-monneron.com\/wp-content\/uploads\/2024\/06\/thumbnail-mapping.jpg\" data-nectar-img-srcset=\"https:\/\/studio-monneron.com\/wp-content\/uploads\/2024\/06\/thumbnail-mapping.jpg 1280w, https:\/\/studio-monneron.com\/wp-content\/uploads\/2024\/06\/thumbnail-mapping-300x169.jpg 300w, https:\/\/studio-monneron.com\/wp-content\/uploads\/2024\/06\/thumbnail-mapping-1024x576.jpg 1024w, https:\/\/studio-monneron.com\/wp-content\/uploads\/2024\/06\/thumbnail-mapping-768x432.jpg 768w\" sizes=\"auto, (max-width: 1280px) 100vw, 1280px\" \/><video class=\"nectar-lazy-video nectar-post-grid-item-bg__video\" preload=\"auto\" loop autoplay muted playsinline>\n        <source data-nectar-video-src=\"https:\/\/studio-monneron.com\/wp-content\/uploads\/2024\/06\/mapping-tuiles.mp4\" type=\"video\/mp4\">\n      <\/video><\/div><\/div><\/div><div class=\"bg-overlay\" style=\" background-color: #14141400;\" data-opacity=\"0\" data-hover-opacity=\"0\"><\/div><div class=\"content\"><a class=\"nectar-post-grid-link\" href=\"https:\/\/studio-monneron.com\/fr\/portfolio\/mapping\/\" ><span class=\"screen-reader-text\">MAPPINGS \/\/ \u00c9V\u00c9NEMENTS<\/span><\/a><div class=\"item-main\"><h2 class=\"post-heading\"><span>MAPPINGS \/\/ \u00c9V\u00c9NEMENTS<\/span><\/h2><span class=\"nectar-post-grid-item__meta-wrap\"><span class=\"meta-category\"><a class=\"mapping-events style-see-through-button\" href=\"https:\/\/studio-monneron.com\/fr\/project-type\/mapping-events\/\">MAPPINGS \/\/ \u00c9V\u00c9NEMENTS<\/a><\/span><\/span><\/div><\/div><\/div><\/div><div class=\"nectar-post-grid-item\" data-post-id=\"33\" data-has-img=\"true\"> <div class=\"inner\"><div class=\"nectar-post-grid-item-bg-wrap\"><div class=\"nectar-post-grid-item-bg-wrap-inner\"><div class=\"nectar-post-grid-item-bg\"><img loading=\"lazy\" decoding=\"async\" class=\"nectar-lazy skip-lazy\" src=\"data:image\/svg+xml;charset=utf-8,%3Csvg%20xmlns%3D'http%3A%2F%2Fwww.w3.org%2F2000%2Fsvg'%20viewBox%3D'0%200%201280%20720'%2F%3E\" alt=\"\" height=\"720\" width=\"1280\" data-nectar-img-src=\"https:\/\/studio-monneron.com\/wp-content\/uploads\/2024\/05\/thumbnail-vr.jpg\" data-nectar-img-srcset=\"https:\/\/studio-monneron.com\/wp-content\/uploads\/2024\/05\/thumbnail-vr.jpg 1280w, https:\/\/studio-monneron.com\/wp-content\/uploads\/2024\/05\/thumbnail-vr-300x169.jpg 300w, https:\/\/studio-monneron.com\/wp-content\/uploads\/2024\/05\/thumbnail-vr-1024x576.jpg 1024w, https:\/\/studio-monneron.com\/wp-content\/uploads\/2024\/05\/thumbnail-vr-768x432.jpg 768w\" sizes=\"auto, (max-width: 1280px) 100vw, 1280px\" \/><video class=\"nectar-lazy-video nectar-post-grid-item-bg__video\" preload=\"auto\" loop autoplay muted playsinline>\n        <source data-nectar-video-src=\"https:\/\/studio-monneron.com\/wp-content\/uploads\/2024\/05\/VR-tuile.mp4\" type=\"video\/mp4\">\n      <\/video><\/div><\/div><\/div><div class=\"bg-overlay\" style=\" background-color: #14141400;\" data-opacity=\"0\" data-hover-opacity=\"0\"><\/div><div class=\"content\"><a class=\"nectar-post-grid-link\" href=\"https:\/\/studio-monneron.com\/fr\/portfolio\/mixed\/\" ><span class=\"screen-reader-text\">VR &#038; AR EXPERIENCES<\/span><\/a><div class=\"item-main\"><h2 class=\"post-heading\"><span>VR &#038; AR EXPERIENCES<\/span><\/h2><span class=\"nectar-post-grid-item__meta-wrap\"><span class=\"meta-category\"><a class=\"vr-ar-experiences style-see-through-button\" href=\"https:\/\/studio-monneron.com\/fr\/project-type\/vr-ar-experiences\/\">EXP\u00c9RIENCES VR &amp; AR<\/a><\/span><\/span><\/div><\/div><\/div><\/div><div class=\"nectar-post-grid-item\" data-post-id=\"28\" data-has-img=\"true\"> <div class=\"inner\"><div class=\"nectar-post-grid-item-bg-wrap\"><div class=\"nectar-post-grid-item-bg-wrap-inner\"><div class=\"nectar-post-grid-item-bg\"><img loading=\"lazy\" decoding=\"async\" class=\"nectar-lazy skip-lazy\" src=\"data:image\/svg+xml;charset=utf-8,%3Csvg%20xmlns%3D'http%3A%2F%2Fwww.w3.org%2F2000%2Fsvg'%20viewBox%3D'0%200%201280%20720'%2F%3E\" alt=\"\" height=\"720\" width=\"1280\" data-nectar-img-src=\"https:\/\/studio-monneron.com\/wp-content\/uploads\/2023\/06\/thumbnail-slidechair.jpg\" data-nectar-img-srcset=\"https:\/\/studio-monneron.com\/wp-content\/uploads\/2023\/06\/thumbnail-slidechair.jpg 1280w, https:\/\/studio-monneron.com\/wp-content\/uploads\/2023\/06\/thumbnail-slidechair-300x169.jpg 300w, https:\/\/studio-monneron.com\/wp-content\/uploads\/2023\/06\/thumbnail-slidechair-1024x576.jpg 1024w, https:\/\/studio-monneron.com\/wp-content\/uploads\/2023\/06\/thumbnail-slidechair-768x432.jpg 768w\" sizes=\"auto, (max-width: 1280px) 100vw, 1280px\" \/><video class=\"nectar-lazy-video nectar-post-grid-item-bg__video\" preload=\"auto\" loop autoplay muted playsinline>\n        <source data-nectar-video-src=\"https:\/\/studio-monneron.com\/wp-content\/uploads\/2023\/06\/design-tuiles.mp4\" type=\"video\/mp4\">\n      <\/video><\/div><\/div><\/div><div class=\"bg-overlay\" style=\" background-color: #14141400;\" data-opacity=\"0\" data-hover-opacity=\"0\"><\/div><div class=\"content\"><a class=\"nectar-post-grid-link\" href=\"https:\/\/studio-monneron.com\/fr\/portfolio\/design\/\" ><span class=\"screen-reader-text\">PRODUCTS &#038; OBJECTS \/\/ DESIGN<\/span><\/a><div class=\"item-main\"><h2 class=\"post-heading\"><span>PRODUCTS &#038; OBJECTS \/\/ DESIGN<\/span><\/h2><span class=\"nectar-post-grid-item__meta-wrap\"><span class=\"meta-category\"><a class=\"product-object-design style-see-through-button\" href=\"https:\/\/studio-monneron.com\/fr\/project-type\/product-object-design\/\">PRODUITS &amp; OBJETS \/\/ CONCEPTION<\/a><\/span><\/span><\/div><\/div><\/div><\/div><\/div><\/div>\n\t\t\t<\/div> \n\t\t<\/div>\n\t<\/div> \n<\/div><\/div>\n\t\t<div id=\"awards\"  data-column-margin=\"default\" data-midnight=\"light\" data-top-percent=\"10%\" data-bottom-percent=\"6%\"  class=\"wpb_row vc_row-fluid vc_row full-width-section  top_margin_37px top_padding_tablet_14pct\"  style=\"padding-top: calc(100vw * 0.10); padding-bottom: calc(100vw * 0.06); \"><div class=\"row-bg-wrap\" data-bg-animation=\"none\" data-bg-animation-delay=\"\" data-bg-overlay=\"false\"><div class=\"inner-wrap row-bg-layer\" ><div class=\"row-bg viewport-desktop using-bg-color\"  style=\"background-color: #000000; \"><\/div><\/div><\/div><div class=\"row_col_wrap_12 col span_12 light left\">\n\t<div  class=\"vc_col-sm-12 wpb_column column_container vc_column_container col no-extra-padding el_spacing_20px inherit_tablet inherit_phone\"  data-padding-pos=\"all\" data-has-bg-color=\"false\" data-bg-color=\"\" data-bg-opacity=\"1\" data-animation=\"\" data-delay=\"0\" >\n\t\t<div class=\"vc_column-inner\" >\n\t\t\t<div class=\"wpb_wrapper\">\n\t\t\t\t<div class=\"nectar-split-heading  font_size_6vw font_size_max_108px font_size_tablet_7vw font_line_height_1px\" data-align=\"center\" data-m-align=\"inherit\" data-text-effect=\"letter-reveal-bottom\" data-animation-type=\"line-reveal-by-space\" data-animation-delay=\"0\" data-animation-offset=\"\" data-m-rm-animation=\"\" data-stagger=\"true\" data-custom-font-size=\"true\" style=\"font-size: 6vw; line-height: 6.6vw;\"><h2 >Quelques r\u00e9f\u00e9rences clients :<\/h2><\/div>\n\t\t\t<\/div> \n\t\t<\/div>\n\t<\/div> \n<\/div><\/div>\n\t\t<div id=\"clients\"  data-column-margin=\"default\" data-midnight=\"light\"  class=\"wpb_row vc_row-fluid vc_row clients-logos\"  style=\"padding-top: 0px; padding-bottom: 0px; \"><div class=\"row-bg-wrap\" data-bg-animation=\"none\" data-bg-animation-delay=\"\" data-bg-overlay=\"false\"><div class=\"inner-wrap row-bg-layer\" ><div class=\"row-bg viewport-desktop using-bg-color\"  style=\"background-color: #000000; \"><\/div><\/div><\/div><div class=\"row_col_wrap_12 col span_12 light left\">\n\t<div style=\"\" class=\"vc_col-sm-12 wpb_column column_container vc_column_container col no-extra-padding inherit_tablet inherit_phone\" data-using-bg=\"true\" data-padding-pos=\"all\" data-has-bg-color=\"true\" data-bg-color=\"#000000\" data-bg-opacity=\"1\" data-hover-bg=\"#000000\" data-hover-bg-opacity=\"1\" data-animation=\"\" data-delay=\"0\" >\n\t\t<div class=\"vc_column-inner\" ><div class=\"column-bg-overlay-wrap column-bg-layer\" data-bg-animation=\"none\"><div class=\"column-bg-overlay\" style=\"opacity: 1; background-color: #000000;\"><\/div><\/div>\n\t\t\t<div class=\"wpb_wrapper\">\n\t\t\t\t<div class=\"img-with-aniamtion-wrap\" data-max-width=\"100%\" data-max-width-mobile=\"default\" data-shadow=\"none\" data-animation=\"none\" >\n      <div class=\"inner\">\n        <div class=\"hover-wrap\"> \n          <div class=\"hover-wrap-inner\">\n            <img loading=\"lazy\" decoding=\"async\" class=\"img-with-animation skip-lazy\" data-delay=\"0\" height=\"1080\" width=\"1920\" data-animation=\"none\" src=\"https:\/\/studio-monneron.com\/wp-content\/uploads\/2025\/11\/references.png\" alt=\"\" srcset=\"https:\/\/studio-monneron.com\/wp-content\/uploads\/2025\/11\/references.png 1920w, https:\/\/studio-monneron.com\/wp-content\/uploads\/2025\/11\/references-300x169.png 300w, https:\/\/studio-monneron.com\/wp-content\/uploads\/2025\/11\/references-1024x576.png 1024w, https:\/\/studio-monneron.com\/wp-content\/uploads\/2025\/11\/references-768x432.png 768w, https:\/\/studio-monneron.com\/wp-content\/uploads\/2025\/11\/references-1536x864.png 1536w\" sizes=\"auto, (max-width: 1920px) 100vw, 1920px\" \/>\n          <\/div>\n        <\/div>\n      <\/div>\n    <\/div>\n\t\t\t<\/div> \n\t\t<\/div>\n\t<\/div> \n<\/div><\/div>","protected":false},"excerpt":{"rendered":"PRODUITS &amp; OBJETS \/\/ CONCEPTION","protected":false},"author":1,"featured_media":0,"parent":0,"menu_order":0,"comment_status":"closed","ping_status":"closed","template":"","meta":{"footnotes":""},"class_list":["post-17","page","type-page","status-publish"],"_hostinger_reach_plugin_has_subscription_block":false,"_hostinger_reach_plugin_is_elementor":false,"_links":{"self":[{"href":"https:\/\/studio-monneron.com\/fr\/wp-json\/wp\/v2\/pages\/17","targetHints":{"allow":["GET"]}}],"collection":[{"href":"https:\/\/studio-monneron.com\/fr\/wp-json\/wp\/v2\/pages"}],"about":[{"href":"https:\/\/studio-monneron.com\/fr\/wp-json\/wp\/v2\/types\/page"}],"author":[{"embeddable":true,"href":"https:\/\/studio-monneron.com\/fr\/wp-json\/wp\/v2\/users\/1"}],"replies":[{"embeddable":true,"href":"https:\/\/studio-monneron.com\/fr\/wp-json\/wp\/v2\/comments?post=17"}],"version-history":[{"count":77,"href":"https:\/\/studio-monneron.com\/fr\/wp-json\/wp\/v2\/pages\/17\/revisions"}],"predecessor-version":[{"id":803,"href":"https:\/\/studio-monneron.com\/fr\/wp-json\/wp\/v2\/pages\/17\/revisions\/803"}],"wp:attachment":[{"href":"https:\/\/studio-monneron.com\/fr\/wp-json\/wp\/v2\/media?parent=17"}],"curies":[{"name":"wp","href":"https:\/\/api.w.org\/{rel}","templated":true}]}}